{"id":179,"date":"2020-05-17T15:26:57","date_gmt":"2020-05-17T15:26:57","guid":{"rendered":"http:\/\/fachhallenhaus.de\/?page_id=179"},"modified":"2020-05-17T16:14:35","modified_gmt":"2020-05-17T16:14:35","slug":"ueber-uns","status":"publish","type":"page","link":"https:\/\/www.fachhallenhaus.de\/?page_id=179","title":{"rendered":"\u00dcber uns"},"content":{"rendered":"\n<p>Ein Nordlicht und eine Fr\u00e4nkin, die mal was Neues in Angriff nehmen wollten&#8230;<\/p>\n\n\n\n<div class=\"wp-block-image\"><figure class=\"aligncenter size-large\"><img loading=\"lazy\" decoding=\"async\" width=\"990\" height=\"743\" src=\"https:\/\/i0.wp.com\/fachhallenhaus.de\/wp-content\/uploads\/2020\/05\/20200320_142011-1024x768.jpg?resize=990%2C743\" alt=\"\" class=\"wp-image-158\" srcset=\"https:\/\/i0.wp.com\/www.fachhallenhaus.de\/wp-content\/uploads\/2020\/05\/20200320_142011-scaled.jpg?resize=1024%2C768&amp;ssl=1 1024w, https:\/\/i0.wp.com\/www.fachhallenhaus.de\/wp-content\/uploads\/2020\/05\/20200320_142011-scaled.jpg?resize=300%2C225&amp;ssl=1 300w, https:\/\/i0.wp.com\/www.fachhallenhaus.de\/wp-content\/uploads\/2020\/05\/20200320_142011-scaled.jpg?resize=768%2C576&amp;ssl=1 768w, https:\/\/i0.wp.com\/www.fachhallenhaus.de\/wp-content\/uploads\/2020\/05\/20200320_142011-scaled.jpg?resize=1536%2C1152&amp;ssl=1 1536w, https:\/\/i0.wp.com\/www.fachhallenhaus.de\/wp-content\/uploads\/2020\/05\/20200320_142011-scaled.jpg?resize=2048%2C1536&amp;ssl=1 2048w, https:\/\/i0.wp.com\/www.fachhallenhaus.de\/wp-content\/uploads\/2020\/05\/20200320_142011-scaled.jpg?resize=755%2C566&amp;ssl=1 755w, https:\/\/i0.wp.com\/www.fachhallenhaus.de\/wp-content\/uploads\/2020\/05\/20200320_142011-scaled.jpg?w=1980&amp;ssl=1 1980w\" sizes=\"(max-width: 990px) 100vw, 990px\" data-recalc-dims=\"1\" \/><\/figure><\/div>\n\n\n\n<p>Mitte 30, beruflich erfolgreich, Familienplanung in Umsetzung &#8211; und doch ist es das noch nicht ganz f\u00fcr uns.<\/p>\n\n\n\n<p>Der Traum, was Eigenes auf die Beine zu stellen und ein Leben zu f\u00fchren, das <strong>unseren<\/strong> Regeln folgt, treibt uns beide schon eine Weile um. So beschlossen wir, einfach mal ungewohnte Wege zu gehen und den Hof zu kaufen um dort etwas Neues zu schaffen. Was das am Ende genau wird, entwickelt sich mit jedem Tag weiter und ist auch noch gar nicht ganz fest. Klar ist, wir wollen einen Ort schaffen, an dem nicht nur wir uns wohlf\u00fchlen und entfalten k\u00f6nnen, sondern viele Menschen wundersch\u00f6ne Stunden verbringen k\u00f6nnen und vielleicht ein St\u00fcck Inspiration und Freude mitnehmen k\u00f6nnen.<\/p>\n\n\n\n<p><strong>Die Dame des Hauses: Natascha<\/strong><\/p>\n\n\n\n<p>Ich bin im sch\u00f6nen Franken, N\u00fcrnberger Umland aufgewachsen und stamme aus einer Familie, bei der es \u00fcblich ist, Hand anzulegen. Die Mama als Schreiners-Tochter mindestens ebenso tatkr\u00e4ftig und praktisch affin wie der Papa. Sehr gerne habe ich etliche Stunden beim Basteln und Werkeln im Keller verbracht und so ist es nicht ganz \u00fcberraschend, dass ich sp\u00e4ter Maschinenbau studiert habe.<\/p>\n\n\n\n<p>Schon immer etwas unkonventionell, so habe ich zwischen Bachelor und Master-Studium meinen gro\u00dfen Traum, eine Weltreise, umgesetzt. Alleine unterwegs zu sein f\u00fcr 7 Monate hinterl\u00e4sst doch so einiges an Eindr\u00fccken, Ideen und Inspiration f\u00fcr sicherlich einen Gro\u00dfteil des folgenden Lebens.<\/p>\n\n\n\n<div class=\"wp-block-image is-style-rounded\"><figure class=\"aligncenter size-large is-resized\"><img loading=\"lazy\" decoding=\"async\" src=\"https:\/\/i0.wp.com\/fachhallenhaus.de\/wp-content\/uploads\/2020\/05\/100_1609-1024x768.jpg?resize=512%2C384\" alt=\"\" class=\"wp-image-183\" width=\"512\" height=\"384\" srcset=\"https:\/\/i0.wp.com\/www.fachhallenhaus.de\/wp-content\/uploads\/2020\/05\/100_1609-scaled.jpg?resize=1024%2C768&amp;ssl=1 1024w, https:\/\/i0.wp.com\/www.fachhallenhaus.de\/wp-content\/uploads\/2020\/05\/100_1609-scaled.jpg?resize=300%2C225&amp;ssl=1 300w, https:\/\/i0.wp.com\/www.fachhallenhaus.de\/wp-content\/uploads\/2020\/05\/100_1609-scaled.jpg?resize=768%2C576&amp;ssl=1 768w, https:\/\/i0.wp.com\/www.fachhallenhaus.de\/wp-content\/uploads\/2020\/05\/100_1609-scaled.jpg?resize=1536%2C1152&amp;ssl=1 1536w, https:\/\/i0.wp.com\/www.fachhallenhaus.de\/wp-content\/uploads\/2020\/05\/100_1609-scaled.jpg?resize=2048%2C1536&amp;ssl=1 2048w, https:\/\/i0.wp.com\/www.fachhallenhaus.de\/wp-content\/uploads\/2020\/05\/100_1609-scaled.jpg?resize=755%2C566&amp;ssl=1 755w, https:\/\/i0.wp.com\/www.fachhallenhaus.de\/wp-content\/uploads\/2020\/05\/100_1609-scaled.jpg?w=1980&amp;ssl=1 1980w\" sizes=\"(max-width: 512px) 100vw, 512px\" data-recalc-dims=\"1\" \/><\/figure><\/div>\n\n\n\n<p>Pr\u00e4gend war f\u00fcr mich auch die Zeit meines Masterstudiums, bei der ich Teil des gro\u00dfartigsten Formula Student Teams &#8222;High-Octane Motorsports&#8220; sein konnte. F\u00fcr diejenigen, die das nicht kennen: Es handelt sich um einen internationalen Konstruktionswettbewerb unter studentischen Teams, die innerhalb eines Jahres einen Formel-Rennwagen konstruieren, bauen und testen und nat\u00fcrlich auch gegeneinander antreten. <\/p>\n\n\n\n<div class=\"wp-block-image\"><figure class=\"aligncenter size-large\"><img loading=\"lazy\" decoding=\"async\" width=\"597\" height=\"304\" src=\"https:\/\/i0.wp.com\/fachhallenhaus.de\/wp-content\/uploads\/2020\/05\/Bild1.jpg?resize=597%2C304\" alt=\"\" class=\"wp-image-184\" srcset=\"https:\/\/i0.wp.com\/www.fachhallenhaus.de\/wp-content\/uploads\/2020\/05\/Bild1.jpg?w=597&amp;ssl=1 597w, https:\/\/i0.wp.com\/www.fachhallenhaus.de\/wp-content\/uploads\/2020\/05\/Bild1.jpg?resize=300%2C153&amp;ssl=1 300w\" sizes=\"(max-width: 597px) 100vw, 597px\" data-recalc-dims=\"1\" \/><\/figure><\/div>\n\n\n\n<p>Diese grandiosen Erfahrungen erm\u00f6glichten mir sodann den Einstieg in der Automobilentwicklung. Dort startete ich als Projektleiterin und arbeite nun als Teamleiterin in der Motorenentwicklung an Hochleistungsaggregaten f\u00fcr die sportliche Tochter von Mercedes. <\/p>\n\n\n\n<div class=\"wp-block-image\"><figure class=\"aligncenter size-large is-resized\"><img loading=\"lazy\" decoding=\"async\" src=\"https:\/\/i0.wp.com\/fachhallenhaus.de\/wp-content\/uploads\/2020\/05\/IMG_3530-1024x768.jpg?resize=512%2C384\" alt=\"\" class=\"wp-image-185\" width=\"512\" height=\"384\" srcset=\"https:\/\/i0.wp.com\/www.fachhallenhaus.de\/wp-content\/uploads\/2020\/05\/IMG_3530-scaled.jpg?resize=1024%2C768&amp;ssl=1 1024w, https:\/\/i0.wp.com\/www.fachhallenhaus.de\/wp-content\/uploads\/2020\/05\/IMG_3530-scaled.jpg?resize=300%2C225&amp;ssl=1 300w, https:\/\/i0.wp.com\/www.fachhallenhaus.de\/wp-content\/uploads\/2020\/05\/IMG_3530-scaled.jpg?resize=768%2C576&amp;ssl=1 768w, https:\/\/i0.wp.com\/www.fachhallenhaus.de\/wp-content\/uploads\/2020\/05\/IMG_3530-scaled.jpg?resize=1536%2C1152&amp;ssl=1 1536w, https:\/\/i0.wp.com\/www.fachhallenhaus.de\/wp-content\/uploads\/2020\/05\/IMG_3530-scaled.jpg?resize=2048%2C1536&amp;ssl=1 2048w, https:\/\/i0.wp.com\/www.fachhallenhaus.de\/wp-content\/uploads\/2020\/05\/IMG_3530-scaled.jpg?resize=755%2C566&amp;ssl=1 755w, https:\/\/i0.wp.com\/www.fachhallenhaus.de\/wp-content\/uploads\/2020\/05\/IMG_3530-scaled.jpg?w=1980&amp;ssl=1 1980w\" sizes=\"(max-width: 512px) 100vw, 512px\" data-recalc-dims=\"1\" \/><\/figure><\/div>\n\n\n\n<p>Aktuell pausiere ich mit der Motorenentwicklung und habe ich eine neue Aufgabe in Angriff genommen. Sie lautet: Mama sein<\/p>\n\n\n\n<p><strong>Der Herr des Hauses: Sebastian<\/strong><\/p>\n\n\n\n<p>Geboren im sch\u00f6nen Hamburg und aufgewachsen unweit des Deichhofs im beschaulichen Heidgraben. Neben Handball und Musik, gab es auch bei mir schon immer das Thema Technik. <\/p>\n\n\n\n<p>Als kleiner Junge stand ich jeden Freitag freiwillig fr\u00fcher auf um die Arbeit der M\u00fcllabfuhr zu \u00fcberpr\u00fcfen. Und wenn immer irgendwo ein Bagger, LKW, Auto, Motorrad oder Flugzeug stand, war auch ich dort. Und so war es auch bei mir kein Wunder, dass ich nach dem Abitur Maschinenbau studierte. Nebenbei begann ich mein erstes gr\u00f6\u00dferes Projekt und restaurierte 6 Jahre lang meinen Golf 1. Meine geheime Leidenschaft waren schon immer die Verbrennungsmotoren und so war f\u00fcr mich auch klar, dass ich bei der Entwicklung dieser an vorderster Front dabei sein sollte. <\/p>\n\n\n\n<p>Also stieg ich 2010 bei Mercedes-AMG GmbH in Affalterbach als Versuchsingenieur im Bereich Verbrennung ein. Entwickelte Motoren f\u00fcr den SLK, die erste A-Klasse aus dem Hause AMG, den Mercedes GT und final den leistungsst\u00e4rksten Serienvierzylinder in der aktuellen A-Klasse. Ich reiste j\u00e4hrlich an den Polarkreis, testete auf gefrorenen Seen, in der Hitze S\u00fcdafrikas und doch scheint mein Wissensdurst bei den kleinvolumigen Verbrennungsmotoren ges\u00e4ttigt zu sein.<\/p>\n\n\n\n<figure class=\"wp-block-image size-large\"><img loading=\"lazy\" decoding=\"async\" width=\"990\" height=\"743\" src=\"https:\/\/i0.wp.com\/fachhallenhaus.de\/wp-content\/uploads\/2020\/05\/img_3182-1024x768.jpg?resize=990%2C743&#038;ssl=1\" alt=\"\" class=\"wp-image-194\" srcset=\"https:\/\/i0.wp.com\/www.fachhallenhaus.de\/wp-content\/uploads\/2020\/05\/img_3182-scaled.jpg?resize=1024%2C768&amp;ssl=1 1024w, https:\/\/i0.wp.com\/www.fachhallenhaus.de\/wp-content\/uploads\/2020\/05\/img_3182-scaled.jpg?resize=300%2C225&amp;ssl=1 300w, https:\/\/i0.wp.com\/www.fachhallenhaus.de\/wp-content\/uploads\/2020\/05\/img_3182-scaled.jpg?resize=768%2C576&amp;ssl=1 768w, https:\/\/i0.wp.com\/www.fachhallenhaus.de\/wp-content\/uploads\/2020\/05\/img_3182-scaled.jpg?resize=1536%2C1152&amp;ssl=1 1536w, https:\/\/i0.wp.com\/www.fachhallenhaus.de\/wp-content\/uploads\/2020\/05\/img_3182-scaled.jpg?resize=2048%2C1536&amp;ssl=1 2048w, https:\/\/i0.wp.com\/www.fachhallenhaus.de\/wp-content\/uploads\/2020\/05\/img_3182-scaled.jpg?resize=755%2C566&amp;ssl=1 755w, https:\/\/i0.wp.com\/www.fachhallenhaus.de\/wp-content\/uploads\/2020\/05\/img_3182-scaled.jpg?w=1980&amp;ssl=1 1980w\" sizes=\"(max-width: 990px) 100vw, 990px\" data-recalc-dims=\"1\" \/><\/figure>\n\n\n\n<p>Ich freue mich nun auf unsere kleine Familie und unser gro\u00dfes Projekt den Deichhof. Und dennoch ist und bleibt der Verbrennungsmotor bei all meinen Hobbys wie dem Enduro fahren oder dem Flugsport an meiner Seite.<\/p>\n\n\n\n<div class=\"wp-block-image\"><figure class=\"aligncenter size-large\"><img loading=\"lazy\" decoding=\"async\" width=\"990\" height=\"661\" src=\"https:\/\/i0.wp.com\/fachhallenhaus.de\/wp-content\/uploads\/2020\/05\/DSC07676-1024x684.jpg?resize=990%2C661&#038;ssl=1\" alt=\"\" class=\"wp-image-198\" srcset=\"https:\/\/i0.wp.com\/www.fachhallenhaus.de\/wp-content\/uploads\/2020\/05\/DSC07676.jpg?resize=1024%2C684&amp;ssl=1 1024w, https:\/\/i0.wp.com\/www.fachhallenhaus.de\/wp-content\/uploads\/2020\/05\/DSC07676.jpg?resize=300%2C200&amp;ssl=1 300w, https:\/\/i0.wp.com\/www.fachhallenhaus.de\/wp-content\/uploads\/2020\/05\/DSC07676.jpg?resize=768%2C513&amp;ssl=1 768w, https:\/\/i0.wp.com\/www.fachhallenhaus.de\/wp-content\/uploads\/2020\/05\/DSC07676.jpg?resize=1536%2C1027&amp;ssl=1 1536w, https:\/\/i0.wp.com\/www.fachhallenhaus.de\/wp-content\/uploads\/2020\/05\/DSC07676.jpg?resize=666%2C444&amp;ssl=1 666w, https:\/\/i0.wp.com\/www.fachhallenhaus.de\/wp-content\/uploads\/2020\/05\/DSC07676.jpg?w=1616&amp;ssl=1 1616w\" sizes=\"(max-width: 990px) 100vw, 990px\" data-recalc-dims=\"1\" \/><\/figure><\/div>\n\n\n\n<div class=\"wp-block-image\"><figure class=\"aligncenter size-large\"><img loading=\"lazy\" decoding=\"async\" width=\"990\" height=\"743\" src=\"https:\/\/i0.wp.com\/fachhallenhaus.de\/wp-content\/uploads\/2020\/05\/img_1479-1024x769.jpg?resize=990%2C743&#038;ssl=1\" alt=\"\" class=\"wp-image-196\" srcset=\"https:\/\/i0.wp.com\/www.fachhallenhaus.de\/wp-content\/uploads\/2020\/05\/img_1479-scaled.jpg?resize=1024%2C769&amp;ssl=1 1024w, https:\/\/i0.wp.com\/www.fachhallenhaus.de\/wp-content\/uploads\/2020\/05\/img_1479-scaled.jpg?resize=300%2C225&amp;ssl=1 300w, https:\/\/i0.wp.com\/www.fachhallenhaus.de\/wp-content\/uploads\/2020\/05\/img_1479-scaled.jpg?resize=768%2C577&amp;ssl=1 768w, https:\/\/i0.wp.com\/www.fachhallenhaus.de\/wp-content\/uploads\/2020\/05\/img_1479-scaled.jpg?resize=1536%2C1154&amp;ssl=1 1536w, https:\/\/i0.wp.com\/www.fachhallenhaus.de\/wp-content\/uploads\/2020\/05\/img_1479-scaled.jpg?resize=2048%2C1539&amp;ssl=1 2048w, https:\/\/i0.wp.com\/www.fachhallenhaus.de\/wp-content\/uploads\/2020\/05\/img_1479-scaled.jpg?resize=755%2C566&amp;ssl=1 755w, https:\/\/i0.wp.com\/www.fachhallenhaus.de\/wp-content\/uploads\/2020\/05\/img_1479-scaled.jpg?w=1980&amp;ssl=1 1980w\" sizes=\"(max-width: 990px) 100vw, 990px\" data-recalc-dims=\"1\" \/><\/figure><\/div>\n","protected":false},"excerpt":{"rendered":"<p>Ein Nordlicht und eine Fr\u00e4nkin, die mal was Neues in Angriff nehmen wollten&#8230; Mitte 30, beruflich erfolgreich, Familienplanung in Umsetzung &hellip; <span class=\"more-button\"><a href=\"https:\/\/www.fachhallenhaus.de\/?page_id=179\" class=\"more-link\">Continue Reading<span class=\"screen-reader-text\">\u00dcber uns<\/span><\/a><\/span><\/p>\n","protected":false},"author":2,"featured_media":0,"parent":0,"menu_order":0,"comment_status":"closed","ping_status":"closed","template":"","meta":{"footnotes":""},"tags":[],"jetpack_sharing_enabled":true,"_links":{"self":[{"href":"https:\/\/www.fachhallenhaus.de\/index.php?rest_route=\/wp\/v2\/pages\/179"}],"collection":[{"href":"https:\/\/www.fachhallenhaus.de\/index.php?rest_route=\/wp\/v2\/pages"}],"about":[{"href":"https:\/\/www.fachhallenhaus.de\/index.php?rest_route=\/wp\/v2\/types\/page"}],"author":[{"embeddable":true,"href":"https:\/\/www.fachhallenhaus.de\/index.php?rest_route=\/wp\/v2\/users\/2"}],"replies":[{"embeddable":true,"href":"https:\/\/www.fachhallenhaus.de\/index.php?rest_route=%2Fwp%2Fv2%2Fcomments&post=179"}],"version-history":[{"count":6,"href":"https:\/\/www.fachhallenhaus.de\/index.php?rest_route=\/wp\/v2\/pages\/179\/revisions"}],"predecessor-version":[{"id":200,"href":"https:\/\/www.fachhallenhaus.de\/index.php?rest_route=\/wp\/v2\/pages\/179\/revisions\/200"}],"wp:attachment":[{"href":"https:\/\/www.fachhallenhaus.de\/index.php?rest_route=%2Fwp%2Fv2%2Fmedia&parent=179"}],"wp:term":[{"taxonomy":"post_tag","embeddable":true,"href":"https:\/\/www.fachhallenhaus.de\/index.php?rest_route=%2Fwp%2Fv2%2Ftags&post=179"}],"curies":[{"name":"wp","href":"https:\/\/api.w.org\/{rel}","templated":true}]}}